{"id":52065,"date":"2024-02-19T11:42:14","date_gmt":"2024-02-19T10:42:14","guid":{"rendered":"https:\/\/www.mclinic.de\/?page_id=52065"},"modified":"2024-02-19T11:42:50","modified_gmt":"2024-02-19T10:42:50","slug":"harmonyca","status":"publish","type":"page","link":"https:\/\/www.mclinic.de\/en\/specialty-areas\/mform\/skin\/harmonyca\/","title":{"rendered":"HArmonyCa\u2122"},"content":{"rendered":"","protected":false},"excerpt":{"rendered":"<p>The Hybrid-Filler HArmonyCa is a combination product of hyaluronic acid and calcium hydroxylapatite aimed at improving skin structure and providing a sustainable lifting effect<\/p>\n","protected":false},"author":10,"featured_media":52064,"parent":41515,"menu_order":0,"comment_status":"closed","ping_status":"closed","template":"","meta":{"_acf_changed":false,"footnotes":"","_links_to":"","_links_to_target":""},"categories":[103],"class_list":["post-52065","page","type-page","status-publish","has-post-thumbnail","hentry","category-mform-en"],"acf":[],"yoast_head":"<!-- This site is optimized with the Yoast SEO Premium plugin v24.5 (Yoast SEO v27.1.1) - https:\/\/yoast.com\/product\/yoast-seo-premium-wordpress\/ -->\n<title>HArmonyCa\u2122 - MCLINIC<\/title>\n<meta name=\"description\" content=\"The Hybrid-Filler HArmonyCa is a combination product of hyaluronic acid and calcium hydroxylapatite aimed at improving skin structure and providing a sustainable lifting effect\" \/>\n<meta name=\"robots\" content=\"index, follow, max-snippet:-1, max-image-preview:large, max-video-preview:-1\" \/>\n<link rel=\"canonical\" href=\"https:\/\/www.mclinic.de\/en\/specialty-areas\/mform\/skin\/harmonyca\/\" \/>\n<meta property=\"og:locale\" content=\"en_US\" \/>\n<meta property=\"og:type\" content=\"article\" \/>\n<meta property=\"og:title\" content=\"HArmonyCa\u2122\" \/>\n<meta property=\"og:description\" content=\"The Hybrid-Filler HArmonyCa is a combination product of hyaluronic acid and calcium hydroxylapatite aimed at improving skin structure and providing a sustainable lifting effect\" \/>\n<meta property=\"og:url\" content=\"https:\/\/www.mclinic.de\/en\/specialty-areas\/mform\/skin\/harmonyca\/\" \/>\n<meta property=\"og:site_name\" content=\"MCLINIC\" \/>\n<meta property=\"article:modified_time\" content=\"2024-02-19T10:42:50+00:00\" \/>\n<meta property=\"og:image\" content=\"https:\/\/www.mclinic.de\/wp-content\/uploads\/2024\/02\/MFORM-Aesthetics-Gesichtsbehandlung-Kraehenfuesse-Botox-1-scaled.jpg\" \/>\n\t<meta property=\"og:image:width\" content=\"2560\" \/>\n\t<meta property=\"og:image:height\" content=\"1707\" \/>\n\t<meta property=\"og:image:type\" content=\"image\/jpeg\" \/>\n<meta name=\"twitter:card\" content=\"summary_large_image\" \/>\n<meta name=\"twitter:label1\" content=\"Est. reading time\" \/>\n\t<meta name=\"twitter:data1\" content=\"1 minute\" \/>\n<script type=\"application\/ld+json\" class=\"yoast-schema-graph\">{\"@context\":\"https:\/\/schema.org\",\"@graph\":[{\"@type\":\"WebPage\",\"@id\":\"https:\/\/www.mclinic.de\/en\/specialty-areas\/mform\/skin\/harmonyca\/\",\"url\":\"https:\/\/www.mclinic.de\/en\/specialty-areas\/mform\/skin\/harmonyca\/\",\"name\":\"HArmonyCa\u2122 - MCLINIC\",\"isPartOf\":{\"@id\":\"https:\/\/www.mclinic.de\/en\/#website\"},\"primaryImageOfPage\":{\"@id\":\"https:\/\/www.mclinic.de\/en\/specialty-areas\/mform\/skin\/harmonyca\/#primaryimage\"},\"image\":{\"@id\":\"https:\/\/www.mclinic.de\/en\/specialty-areas\/mform\/skin\/harmonyca\/#primaryimage\"},\"thumbnailUrl\":\"https:\/\/www.mclinic.de\/wp-content\/uploads\/2024\/02\/MFORM-Aesthetics-Gesichtsbehandlung-Kraehenfuesse-Botox-1-scaled.jpg\",\"datePublished\":\"2024-02-19T10:42:14+00:00\",\"dateModified\":\"2024-02-19T10:42:50+00:00\",\"description\":\"The Hybrid-Filler HArmonyCa is a combination product of hyaluronic acid and calcium hydroxylapatite aimed at improving skin structure and providing a sustainable lifting effect\",\"breadcrumb\":{\"@id\":\"https:\/\/www.mclinic.de\/en\/specialty-areas\/mform\/skin\/harmonyca\/#breadcrumb\"},\"inLanguage\":\"en-US\",\"potentialAction\":[{\"@type\":\"ReadAction\",\"target\":[\"https:\/\/www.mclinic.de\/en\/specialty-areas\/mform\/skin\/harmonyca\/\"]}]},{\"@type\":\"ImageObject\",\"inLanguage\":\"en-US\",\"@id\":\"https:\/\/www.mclinic.de\/en\/specialty-areas\/mform\/skin\/harmonyca\/#primaryimage\",\"url\":\"https:\/\/www.mclinic.de\/wp-content\/uploads\/2024\/02\/MFORM-Aesthetics-Gesichtsbehandlung-Kraehenfuesse-Botox-1-scaled.jpg\",\"contentUrl\":\"https:\/\/www.mclinic.de\/wp-content\/uploads\/2024\/02\/MFORM-Aesthetics-Gesichtsbehandlung-Kraehenfuesse-Botox-1-scaled.jpg\",\"width\":2560,\"height\":1707,\"caption\":\"Der Hybrid-Filler HArmonyCa ist ein Kombipr\u00e4parat aus Hyalurons\u00e4ure und Calciumhydroxylapatit f\u00fcr die Verbesserung der Hautstruktur und einen nachhaltigen Lifting-Effekt durch Biostimulation\"},{\"@type\":\"BreadcrumbList\",\"@id\":\"https:\/\/www.mclinic.de\/en\/specialty-areas\/mform\/skin\/harmonyca\/#breadcrumb\",\"itemListElement\":[{\"@type\":\"ListItem\",\"position\":1,\"name\":\"Startseite\",\"item\":\"https:\/\/www.mclinic.de\/en\/\"},{\"@type\":\"ListItem\",\"position\":2,\"name\":\"MCLINIC\",\"item\":\"https:\/\/www.mclinic.de\/en\/aktuelles\/neuigkeiten\/category\/mclinic-en\/\"},{\"@type\":\"ListItem\",\"position\":3,\"name\":\"Specialty Areas\",\"item\":\"https:\/\/www.mclinic.de\/en\/fachbereiche\/\"},{\"@type\":\"ListItem\",\"position\":4,\"name\":\"MFORM\",\"item\":\"https:\/\/www.mclinic.de\/en\/fachbereiche\/mform\/\"},{\"@type\":\"ListItem\",\"position\":5,\"name\":\"Skin\",\"item\":\"https:\/\/www.mclinic.de\/en\/fachbereiche\/mform\/haut\/\"},{\"@type\":\"ListItem\",\"position\":6,\"name\":\"HArmonyCa\u2122\"}]},{\"@type\":\"WebSite\",\"@id\":\"https:\/\/www.mclinic.de\/en\/#website\",\"url\":\"https:\/\/www.mclinic.de\/en\/\",\"name\":\"MCLINIC\",\"description\":\"Interdisziplin\u00e4res Facharztzentrum M\u00fcnchen\",\"publisher\":{\"@id\":\"https:\/\/www.mclinic.de\/en\/#organization\"},\"potentialAction\":[{\"@type\":\"SearchAction\",\"target\":{\"@type\":\"EntryPoint\",\"urlTemplate\":\"https:\/\/www.mclinic.de\/en\/?s={search_term_string}\"},\"query-input\":{\"@type\":\"PropertyValueSpecification\",\"valueRequired\":true,\"valueName\":\"search_term_string\"}}],\"inLanguage\":\"en-US\"},{\"@type\":\"Organization\",\"@id\":\"https:\/\/www.mclinic.de\/en\/#organization\",\"name\":\"MCLINIC\",\"url\":\"https:\/\/www.mclinic.de\/en\/\",\"logo\":{\"@type\":\"ImageObject\",\"inLanguage\":\"en-US\",\"@id\":\"https:\/\/www.mclinic.de\/en\/#\/schema\/logo\/image\/\",\"url\":\"https:\/\/www.mclinic.de\/wp-content\/uploads\/2020\/11\/MCLINIC_Logo_small-app_125pt_links.svg\",\"contentUrl\":\"https:\/\/www.mclinic.de\/wp-content\/uploads\/2020\/11\/MCLINIC_Logo_small-app_125pt_links.svg\",\"width\":1005,\"height\":256,\"caption\":\"MCLINIC\"},\"image\":{\"@id\":\"https:\/\/www.mclinic.de\/en\/#\/schema\/logo\/image\/\"}}]}<\/script>\n<!-- \/ Yoast SEO Premium plugin. -->","yoast_head_json":{"title":"HArmonyCa\u2122 - MCLINIC","description":"The Hybrid-Filler HArmonyCa is a combination product of hyaluronic acid and calcium hydroxylapatite aimed at improving skin structure and providing a sustainable lifting effect","robots":{"index":"index","follow":"follow","max-snippet":"max-snippet:-1","max-image-preview":"max-image-preview:large","max-video-preview":"max-video-preview:-1"},"canonical":"https:\/\/www.mclinic.de\/en\/specialty-areas\/mform\/skin\/harmonyca\/","og_locale":"en_US","og_type":"article","og_title":"HArmonyCa\u2122","og_description":"The Hybrid-Filler HArmonyCa is a combination product of hyaluronic acid and calcium hydroxylapatite aimed at improving skin structure and providing a sustainable lifting effect","og_url":"https:\/\/www.mclinic.de\/en\/specialty-areas\/mform\/skin\/harmonyca\/","og_site_name":"MCLINIC","article_modified_time":"2024-02-19T10:42:50+00:00","og_image":[{"width":2560,"height":1707,"url":"https:\/\/www.mclinic.de\/wp-content\/uploads\/2024\/02\/MFORM-Aesthetics-Gesichtsbehandlung-Kraehenfuesse-Botox-1-scaled.jpg","type":"image\/jpeg"}],"twitter_card":"summary_large_image","twitter_misc":{"Est. reading time":"1 minute"},"schema":{"@context":"https:\/\/schema.org","@graph":[{"@type":"WebPage","@id":"https:\/\/www.mclinic.de\/en\/specialty-areas\/mform\/skin\/harmonyca\/","url":"https:\/\/www.mclinic.de\/en\/specialty-areas\/mform\/skin\/harmonyca\/","name":"HArmonyCa\u2122 - MCLINIC","isPartOf":{"@id":"https:\/\/www.mclinic.de\/en\/#website"},"primaryImageOfPage":{"@id":"https:\/\/www.mclinic.de\/en\/specialty-areas\/mform\/skin\/harmonyca\/#primaryimage"},"image":{"@id":"https:\/\/www.mclinic.de\/en\/specialty-areas\/mform\/skin\/harmonyca\/#primaryimage"},"thumbnailUrl":"https:\/\/www.mclinic.de\/wp-content\/uploads\/2024\/02\/MFORM-Aesthetics-Gesichtsbehandlung-Kraehenfuesse-Botox-1-scaled.jpg","datePublished":"2024-02-19T10:42:14+00:00","dateModified":"2024-02-19T10:42:50+00:00","description":"The Hybrid-Filler HArmonyCa is a combination product of hyaluronic acid and calcium hydroxylapatite aimed at improving skin structure and providing a sustainable lifting effect","breadcrumb":{"@id":"https:\/\/www.mclinic.de\/en\/specialty-areas\/mform\/skin\/harmonyca\/#breadcrumb"},"inLanguage":"en-US","potentialAction":[{"@type":"ReadAction","target":["https:\/\/www.mclinic.de\/en\/specialty-areas\/mform\/skin\/harmonyca\/"]}]},{"@type":"ImageObject","inLanguage":"en-US","@id":"https:\/\/www.mclinic.de\/en\/specialty-areas\/mform\/skin\/harmonyca\/#primaryimage","url":"https:\/\/www.mclinic.de\/wp-content\/uploads\/2024\/02\/MFORM-Aesthetics-Gesichtsbehandlung-Kraehenfuesse-Botox-1-scaled.jpg","contentUrl":"https:\/\/www.mclinic.de\/wp-content\/uploads\/2024\/02\/MFORM-Aesthetics-Gesichtsbehandlung-Kraehenfuesse-Botox-1-scaled.jpg","width":2560,"height":1707,"caption":"Der Hybrid-Filler HArmonyCa ist ein Kombipr\u00e4parat aus Hyalurons\u00e4ure und Calciumhydroxylapatit f\u00fcr die Verbesserung der Hautstruktur und einen nachhaltigen Lifting-Effekt durch Biostimulation"},{"@type":"BreadcrumbList","@id":"https:\/\/www.mclinic.de\/en\/specialty-areas\/mform\/skin\/harmonyca\/#breadcrumb","itemListElement":[{"@type":"ListItem","position":1,"name":"Startseite","item":"https:\/\/www.mclinic.de\/en\/"},{"@type":"ListItem","position":2,"name":"MCLINIC","item":"https:\/\/www.mclinic.de\/en\/aktuelles\/neuigkeiten\/category\/mclinic-en\/"},{"@type":"ListItem","position":3,"name":"Specialty Areas","item":"https:\/\/www.mclinic.de\/en\/fachbereiche\/"},{"@type":"ListItem","position":4,"name":"MFORM","item":"https:\/\/www.mclinic.de\/en\/fachbereiche\/mform\/"},{"@type":"ListItem","position":5,"name":"Skin","item":"https:\/\/www.mclinic.de\/en\/fachbereiche\/mform\/haut\/"},{"@type":"ListItem","position":6,"name":"HArmonyCa\u2122"}]},{"@type":"WebSite","@id":"https:\/\/www.mclinic.de\/en\/#website","url":"https:\/\/www.mclinic.de\/en\/","name":"MCLINIC","description":"Interdisziplin\u00e4res Facharztzentrum M\u00fcnchen","publisher":{"@id":"https:\/\/www.mclinic.de\/en\/#organization"},"potentialAction":[{"@type":"SearchAction","target":{"@type":"EntryPoint","urlTemplate":"https:\/\/www.mclinic.de\/en\/?s={search_term_string}"},"query-input":{"@type":"PropertyValueSpecification","valueRequired":true,"valueName":"search_term_string"}}],"inLanguage":"en-US"},{"@type":"Organization","@id":"https:\/\/www.mclinic.de\/en\/#organization","name":"MCLINIC","url":"https:\/\/www.mclinic.de\/en\/","logo":{"@type":"ImageObject","inLanguage":"en-US","@id":"https:\/\/www.mclinic.de\/en\/#\/schema\/logo\/image\/","url":"https:\/\/www.mclinic.de\/wp-content\/uploads\/2020\/11\/MCLINIC_Logo_small-app_125pt_links.svg","contentUrl":"https:\/\/www.mclinic.de\/wp-content\/uploads\/2020\/11\/MCLINIC_Logo_small-app_125pt_links.svg","width":1005,"height":256,"caption":"MCLINIC"},"image":{"@id":"https:\/\/www.mclinic.de\/en\/#\/schema\/logo\/image\/"}}]}},"_links":{"self":[{"href":"https:\/\/www.mclinic.de\/en\/wp-json\/wp\/v2\/pages\/52065","targetHints":{"allow":["GET"]}}],"collection":[{"href":"https:\/\/www.mclinic.de\/en\/wp-json\/wp\/v2\/pages"}],"about":[{"href":"https:\/\/www.mclinic.de\/en\/wp-json\/wp\/v2\/types\/page"}],"author":[{"embeddable":true,"href":"https:\/\/www.mclinic.de\/en\/wp-json\/wp\/v2\/users\/10"}],"replies":[{"embeddable":true,"href":"https:\/\/www.mclinic.de\/en\/wp-json\/wp\/v2\/comments?post=52065"}],"version-history":[{"count":1,"href":"https:\/\/www.mclinic.de\/en\/wp-json\/wp\/v2\/pages\/52065\/revisions"}],"predecessor-version":[{"id":52066,"href":"https:\/\/www.mclinic.de\/en\/wp-json\/wp\/v2\/pages\/52065\/revisions\/52066"}],"up":[{"embeddable":true,"href":"https:\/\/www.mclinic.de\/en\/wp-json\/wp\/v2\/pages\/41515"}],"wp:featuredmedia":[{"embeddable":true,"href":"https:\/\/www.mclinic.de\/en\/wp-json\/wp\/v2\/media\/52064"}],"wp:attachment":[{"href":"https:\/\/www.mclinic.de\/en\/wp-json\/wp\/v2\/media?parent=52065"}],"wp:term":[{"taxonomy":"category","embeddable":true,"href":"https:\/\/www.mclinic.de\/en\/wp-json\/wp\/v2\/categories?post=52065"}],"curies":[{"name":"wp","href":"https:\/\/api.w.org\/{rel}","templated":true}]}}